{"id":2430,"date":"2025-04-22T16:29:52","date_gmt":"2025-04-22T15:29:52","guid":{"rendered":"https:\/\/hotel-alexandre3.com\/?page_id=2430"},"modified":"2025-04-22T16:29:54","modified_gmt":"2025-04-22T15:29:54","slug":"disfrute-su-estancia","status":"publish","type":"page","link":"https:\/\/hotel-alexandre3.com\/es\/disfrute-su-estancia\/","title":{"rendered":"Disfrute su estancia"},"content":{"rendered":"\n<p>Estimado cliente, <\/p>\n\n\n\n<p><em>Esperamos que ya se encuentre confortable en su habitaci\u00f3n.<\/em><\/p>\n\n\n\n<p>Aqu\u00ed hay informaci\u00f3n y links que le ayudar\u00e1n a disfrutar su estancia.<\/p>\n\n\n\n<hr class=\"wp-block-separator has-alpha-channel-opacity\"\/>\n\n\n\n<p class=\"has-text-align-center\"><strong>SERVICIOS GRATUITOS BAJO DEMANDA<\/strong><\/p>\n\n\n\n<p>\ud83d\udead <strong>No fumadores.<\/strong> Todas las habitaciones son para no fumadores.<br>\u231a\ufe0f <strong>Horarios.<\/strong> La recepci\u00f3n est\u00e1 abierta de 8:00 a 20:00.<br>\ud83c\udd7f\ufe0f <strong>Estacionamiento.<\/strong> Cierre bien su coche. No nos responsabilizamos por robos.<br>\u2615\ufe0f <strong>Bebidas.<\/strong> Hay bebidas a la venta en el sal\u00f3n (2\u20ac).<br>\ud83d\udea8 <strong>Atenci\u00f3n. <\/strong>Las toallas, albornoces y mandos a distancia faltantes se cobrar\u00e1n.<br>\ud83d\udca4 <strong>Almohadas.<\/strong> Puede elegir entre dos tipos de almohadas: antial\u00e9rgicas y de plumas.<br>\u23f0 <strong>Despertador. <\/strong>Podemos despertarle durante nuestro horario de apertura (8:00-20:00).<br>\ud83e\udea5 <strong>Neceser.<\/strong> Disponibles art\u00edculos de correspondencia, calzado, costura e higiene.<br>\ud83d\udebc <strong>Beb\u00e9s.<\/strong> Cambiador y trona para el desayuno.<br>\ud83d\udeb2 <strong>Bicicletas. <\/strong>Nuestro aparcamiento de bicicletas est\u00e1 detr\u00e1s del hotel, en la esquina del parking.<br>\ud83d\uddde\ufe0f <strong>Peri\u00f3dicos.<\/strong> Peri\u00f3dicos de actualidad a trav\u00e9s de la app gratuita \u00abCafeyn\u00bb. Detalles en el sal\u00f3n.<br>\u265f\ufe0f <strong>Juegos de mesa. <\/strong>Una selecci\u00f3n de 5 juegos de mesa le espera en el sal\u00f3n.<br>\ud83e\udd50 <strong>Desayuno. <\/strong>Servido de 8:00 a 11:00 en el sal\u00f3n, en la habitaci\u00f3n o para llevar.<br>\ud83d\udec5 <strong>Equipaje.<\/strong> Podemos guardar su equipaje durante unas horas despu\u00e9s de su salida.<br>\ud83c\udf9f\ufe0f <strong>Oferta tur\u00edstica.<\/strong> Informaci\u00f3n y folletos disponibles en recepci\u00f3n y en este sitio web.<br>\ud83d\udd0c <strong>Adaptadores el\u00e9ctricos.<\/strong> Hay un n\u00famero limitado disponible en recepci\u00f3n.<br>\ud83c\udf31 <strong>Medioambiente.<\/strong> Por favor, reutilice las toallas, s\u00e1banas y fundas de almohada.<br>\ud83d\udca1 <strong>Luces.<\/strong> Por favor, apague las luces, el aire acondicionado y la televisi\u00f3n al salir.<br>\u267b\ufe0f <strong>Reciclaje. <\/strong>Contenedores disponibles en la terraza.<br>\u2623\ufe0f <strong>Residuos peligrosos.<\/strong> Pilas, productos farmac\u00e9uticos, etc., contenedor disponible en recepci\u00f3n.<br>\ud83d\ude99 <strong>Reducci\u00f3n de CO2.<\/strong> Descargue nuestra gu\u00eda de transportes eco-responsables en Cannes.<br>\ud83d\udcc8 <strong>Encuesta de satisfacci\u00f3n.<\/strong> Desc\u00e1rguela y env\u00edela por correo. Copias en papel disponibles.<\/p>\n\n\n\n<hr class=\"wp-block-separator has-alpha-channel-opacity\"\/>\n\n\n\n<p class=\"has-small-font-size\"><strong><a href=\"https:\/\/hotel-alexandre3.com\/wp-content\/uploads\/2025\/04\/Informations-de-A-a-Z-FR.pdf\" target=\"_blank\" rel=\"noreferrer noopener\">Informations de A a Z<\/a><\/strong><\/p>\n\n\n\n<p class=\"has-small-font-size\"><strong><a href=\"https:\/\/hotel-alexandre3.com\/wp-content\/uploads\/2020\/06\/Health-Protocol-1.pdf\" target=\"_blank\" rel=\"noreferrer noopener\">Responsables ensemble<\/a><\/strong><\/p>\n\n\n\n<p class=\"has-small-font-size\"><strong><a href=\"https:\/\/hotel-alexandre3.com\/wp-content\/uploads\/2020\/06\/Handicap-condition-1.pdf\" target=\"_blank\" rel=\"noreferrer noopener\">Situation de handicap<\/a><\/strong><\/p>\n\n\n\n<p class=\"has-small-font-size\"><strong><a href=\"https:\/\/hotel-alexandre3.com\/wp-content\/uploads\/2025\/04\/Enquete-Satisfaction.pdf\" target=\"_blank\" rel=\"noreferrer noopener\">Enquete-Satisfaction<\/a><\/strong><\/p>\n\n\n\n<p class=\"has-small-font-size\"><strong><a href=\"https:\/\/hotel-alexandre3.com\/wp-content\/uploads\/2025\/04\/Guide-des-Transports-Eco-3.pdf\" target=\"_blank\" rel=\"noreferrer noopener\">Guide des Transports \u00c9co<\/a><\/strong><\/p>\n\n\n\n<hr class=\"wp-block-separator has-alpha-channel-opacity\"\/>\n\n\n\n<blockquote class=\"wp-block-quote is-layout-flow wp-block-quote-is-layout-flow\">\n<p>Cont\u00e1ctenos si necesita algo durante el horario de recepci\u00f3n, y haremos todo lo posible para complacerle. Marque el 30 desde su habitaci\u00f3n o env\u00edenos un mensaje <a href=\"http:\/\/telegram.me\/hotelalexandre3\" target=\"_blank\" rel=\"noreferrer noopener\">a trav\u00e9s de Telegram<\/a>.<\/p>\n<\/blockquote>\n","protected":false},"excerpt":{"rendered":"<p class=\"excerpt\">Estimado cliente, Esperamos que ya se encuentre confortable en su habitaci\u00f3n. Aqu\u00ed hay informaci\u00f3n y links que le ayudar\u00e1n a disfrutar su estancia. SERVICIOS GRATUITOS BAJO DEMANDA \ud83d\udead No fumadores. Todas las habitaciones son para no fumadores.\u231a\ufe0f Horarios. La recepci\u00f3n est\u00e1 abierta de 8:00 a 20:00.\ud83c\udd7f\ufe0f Estacionamiento. Cierre bien su coche. No nos responsabilizamos por robos.\u2615\ufe0f Bebidas. Hay bebidas a&hellip; <a href=\"https:\/\/hotel-alexandre3.com\/es\/disfrute-su-estancia\/\">Leer m\u00e1s &rarr;<\/a><\/p>\n","protected":false},"author":1,"featured_media":2061,"parent":0,"menu_order":0,"comment_status":"closed","ping_status":"closed","template":"","meta":{"jetpack_post_was_ever_published":false,"footnotes":""},"class_list":["post-2430","page","type-page","status-publish","has-post-thumbnail","hentry","xfolkentry"],"jetpack_sharing_enabled":true,"jetpack_shortlink":"https:\/\/wp.me\/P5rA3g-Dc","_links":{"self":[{"href":"https:\/\/hotel-alexandre3.com\/es\/wp-json\/wp\/v2\/pages\/2430","targetHints":{"allow":["GET"]}}],"collection":[{"href":"https:\/\/hotel-alexandre3.com\/es\/wp-json\/wp\/v2\/pages"}],"about":[{"href":"https:\/\/hotel-alexandre3.com\/es\/wp-json\/wp\/v2\/types\/page"}],"author":[{"embeddable":true,"href":"https:\/\/hotel-alexandre3.com\/es\/wp-json\/wp\/v2\/users\/1"}],"replies":[{"embeddable":true,"href":"https:\/\/hotel-alexandre3.com\/es\/wp-json\/wp\/v2\/comments?post=2430"}],"version-history":[{"count":1,"href":"https:\/\/hotel-alexandre3.com\/es\/wp-json\/wp\/v2\/pages\/2430\/revisions"}],"predecessor-version":[{"id":2431,"href":"https:\/\/hotel-alexandre3.com\/es\/wp-json\/wp\/v2\/pages\/2430\/revisions\/2431"}],"wp:featuredmedia":[{"embeddable":true,"href":"https:\/\/hotel-alexandre3.com\/es\/wp-json\/wp\/v2\/media\/2061"}],"wp:attachment":[{"href":"https:\/\/hotel-alexandre3.com\/es\/wp-json\/wp\/v2\/media?parent=2430"}],"curies":[{"name":"wp","href":"https:\/\/api.w.org\/{rel}","templated":true}]}}