{"id":333,"date":"2015-01-12T21:00:01","date_gmt":"2015-01-12T20:00:01","guid":{"rendered":"https:\/\/hotel-alexandre3.com\/?page_id=333"},"modified":"2015-01-22T01:10:32","modified_gmt":"2015-01-22T00:10:32","slug":"nosotros","status":"publish","type":"page","link":"https:\/\/hotel-alexandre3.com\/es\/nosotros\/","title":{"rendered":"Bienvenido"},"content":{"rendered":"<h3>\u00a1El Hotel Alexandre III es \u00fanico!<\/h3>\n<p>Un peque\u00f1o y encantador hotel. Nuestras prioridades son el confort de nesters clientes, service personalized y limpieza. Tenemos 11 differences y bells habitations, donde encontrar\u00e1 el escape para descanzar de la vida agitada de Cannes:<\/p>\n<blockquote><p>Donde el estilo cl\u00e1sico franc\u00e9s se encuentra con un dise\u00f1o elegante y comfortable.\u00ad<\/p>\n<p>\u00adDonde podr\u00e1 estar tranquilo despu\u00e9s de haber disfrutado su dia en Cannes.<\/p>\n<p>\u00adDonde se sentir\u00e1 como en su casa.<\/p>\n<p>\u00adDonde el servicio y limpieza son prioridades.<\/p>\n<p>\u00adDonde los peque\u00f1os detalles hacen una gran diferencia.<\/p><\/blockquote>\n<h3>\u00a1Bienvenido al Hotel Alexandre III!<\/h3>\n<p>&nbsp;<\/p>\n<p><iframe loading=\"lazy\" src=\"\/\/www.youtube.com\/embed\/IjQkl4Om8q0?rel=0&amp;showinfo=0\" width=\"640\" height=\"360\" frameborder=\"0\" allowfullscreen=\"allowfullscreen\"><\/iframe><\/p>\n","protected":false},"excerpt":{"rendered":"<p class=\"excerpt\">\u00a1El Hotel Alexandre III es \u00fanico! Un peque\u00f1o y encantador hotel. Nuestras prioridades son el confort de nesters clientes, service personalized y limpieza. Tenemos 11 differences y bells habitations, donde encontrar\u00e1 el escape para descanzar de la vida agitada de Cannes: Donde el estilo cl\u00e1sico franc\u00e9s se encuentra con un dise\u00f1o elegante y comfortable.\u00ad \u00adDonde podr\u00e1 estar tranquilo despu\u00e9s de&hellip; <a href=\"https:\/\/hotel-alexandre3.com\/es\/nosotros\/\">Leer m\u00e1s &rarr;<\/a><\/p>\n","protected":false},"author":1,"featured_media":0,"parent":0,"menu_order":0,"comment_status":"closed","ping_status":"closed","template":"","meta":{"jetpack_post_was_ever_published":false,"footnotes":""},"class_list":["post-333","page","type-page","status-publish","hentry","xfolkentry"],"jetpack_sharing_enabled":true,"jetpack_shortlink":"https:\/\/wp.me\/P5rA3g-5n","_links":{"self":[{"href":"https:\/\/hotel-alexandre3.com\/es\/wp-json\/wp\/v2\/pages\/333","targetHints":{"allow":["GET"]}}],"collection":[{"href":"https:\/\/hotel-alexandre3.com\/es\/wp-json\/wp\/v2\/pages"}],"about":[{"href":"https:\/\/hotel-alexandre3.com\/es\/wp-json\/wp\/v2\/types\/page"}],"author":[{"embeddable":true,"href":"https:\/\/hotel-alexandre3.com\/es\/wp-json\/wp\/v2\/users\/1"}],"replies":[{"embeddable":true,"href":"https:\/\/hotel-alexandre3.com\/es\/wp-json\/wp\/v2\/comments?post=333"}],"version-history":[{"count":3,"href":"https:\/\/hotel-alexandre3.com\/es\/wp-json\/wp\/v2\/pages\/333\/revisions"}],"predecessor-version":[{"id":468,"href":"https:\/\/hotel-alexandre3.com\/es\/wp-json\/wp\/v2\/pages\/333\/revisions\/468"}],"wp:attachment":[{"href":"https:\/\/hotel-alexandre3.com\/es\/wp-json\/wp\/v2\/media?parent=333"}],"curies":[{"name":"wp","href":"https:\/\/api.w.org\/{rel}","templated":true}]}}