{"id":353,"date":"2015-01-12T22:32:06","date_gmt":"2015-01-12T21:32:06","guid":{"rendered":"https:\/\/hotel-alexandre3.com\/?page_id=353"},"modified":"2015-01-12T22:37:50","modified_gmt":"2015-01-12T21:37:50","slug":"habitaciones-y-suites","status":"publish","type":"page","link":"https:\/\/hotel-alexandre3.com\/es\/habitaciones-y-suites\/","title":{"rendered":"Habitaciones y  Suites"},"content":{"rendered":"<h3>Nuestras Habitaciones y Suites est\u00e1n dise\u00f1adas para que usted tenga todo lo que necesita para una estancia placentera.<\/h3>\n<p>&nbsp;<\/p>\n<p>Usted va a dormir en camas confortables con s\u00e1banas frescas en un colch\u00f3n ortop\u00e9dico. Para su confort, usted encontrar\u00e1: aire acondicionado, televisi\u00f3n, caja fuerte, secadora de cabello, WiFi gratuito, tel\u00e9fono, ventanas y puertas contra ruido; junto con muchos otros detalles que cuentan mucho mientras viaja. Nuestras Suites tienen una cama King Size y un sofa-cama en la sala de la habitaci\u00f3n (ocupaci\u00f3n simple). Nuestra Master Suite tiene tambi\u00e9n una terraza privada de 40 m2!<\/p>\n<p>&nbsp;<\/p>\n<h3>Dise\u00f1o\u00a0y confort juntos&#8230; limpieza garantizada.<\/h3>\n<p>&nbsp;<\/p>\n<div data-carousel-extra='{&quot;blog_id&quot;:1,&quot;permalink&quot;:&quot;https:\/\/hotel-alexandre3.com\/es\/habitaciones-y-suites\/&quot;}' id='gallery-1' class='gallery galleryid-353 gallery-columns-3 gallery-size-thumbnail'><figure class='gallery-item'>\n\t\t\t<div class='gallery-icon landscape'>\n\t\t\t\t<img loading=\"lazy\" decoding=\"async\" width=\"150\" height=\"150\" src=\"https:\/\/i0.wp.com\/hotel-alexandre3.com\/wp-content\/uploads\/2014\/12\/Photo-024.jpg?resize=150%2C150&amp;ssl=1\" class=\"attachment-thumbnail size-thumbnail\" alt=\"\" aria-describedby=\"gallery-1-115\" srcset=\"https:\/\/i0.wp.com\/hotel-alexandre3.com\/wp-content\/uploads\/2014\/12\/Photo-024.jpg?resize=150%2C150&amp;ssl=1 150w, https:\/\/i0.wp.com\/hotel-alexandre3.com\/wp-content\/uploads\/2014\/12\/Photo-024.jpg?resize=100%2C100&amp;ssl=1 100w, https:\/\/i0.wp.com\/hotel-alexandre3.com\/wp-content\/uploads\/2014\/12\/Photo-024.jpg?zoom=2&amp;resize=150%2C150&amp;ssl=1 300w, https:\/\/i0.wp.com\/hotel-alexandre3.com\/wp-content\/uploads\/2014\/12\/Photo-024.jpg?zoom=3&amp;resize=150%2C150&amp;ssl=1 450w\" sizes=\"auto, (max-width: 150px) 100vw, 150px\" data-attachment-id=\"115\" data-permalink=\"https:\/\/hotel-alexandre3.com\/es\/photo-024\/\" data-orig-file=\"https:\/\/i0.wp.com\/hotel-alexandre3.com\/wp-content\/uploads\/2014\/12\/Photo-024.jpg?fit=3456%2C2304&amp;ssl=1\" data-orig-size=\"3456,2304\" data-comments-opened=\"0\" data-image-meta=\"{&quot;aperture&quot;:&quot;5&quot;,&quot;credit&quot;:&quot;&quot;,&quot;camera&quot;:&quot;Canon EOS 350D DIGITAL&quot;,&quot;caption&quot;:&quot;&quot;,&quot;created_timestamp&quot;:&quot;1182620226&quot;,&quot;copyright&quot;:&quot;&quot;,&quot;focal_length&quot;:&quot;18&quot;,&quot;iso&quot;:&quot;400&quot;,&quot;shutter_speed&quot;:&quot;0.0166666666667&quot;,&quot;title&quot;:&quot;&quot;,&quot;orientation&quot;:&quot;1&quot;}\" data-image-title=\" Double bed\" data-image-description=\"\" data-image-caption=\"&lt;p&gt;Double room: Double bed&lt;\/p&gt;\n\" data-large-file=\"https:\/\/i0.wp.com\/hotel-alexandre3.com\/wp-content\/uploads\/2014\/12\/Photo-024.jpg?fit=750%2C500&amp;ssl=1\" \/>\n\t\t\t<\/div>\n\t\t\t\t<figcaption class='wp-caption-text gallery-caption' id='gallery-1-115'>\n\t\t\t\tDouble room: Double bed\n\t\t\t\t<\/figcaption><\/figure><figure class='gallery-item'>\n\t\t\t<div class='gallery-icon portrait'>\n\t\t\t\t<img loading=\"lazy\" decoding=\"async\" width=\"150\" height=\"150\" src=\"https:\/\/i0.wp.com\/hotel-alexandre3.com\/wp-content\/uploads\/2014\/12\/MG_0074.jpg?resize=150%2C150&amp;ssl=1\" class=\"attachment-thumbnail size-thumbnail\" alt=\"\" aria-describedby=\"gallery-1-112\" srcset=\"https:\/\/i0.wp.com\/hotel-alexandre3.com\/wp-content\/uploads\/2014\/12\/MG_0074.jpg?resize=150%2C150&amp;ssl=1 150w, https:\/\/i0.wp.com\/hotel-alexandre3.com\/wp-content\/uploads\/2014\/12\/MG_0074.jpg?resize=100%2C100&amp;ssl=1 100w, https:\/\/i0.wp.com\/hotel-alexandre3.com\/wp-content\/uploads\/2014\/12\/MG_0074.jpg?zoom=2&amp;resize=150%2C150&amp;ssl=1 300w, https:\/\/i0.wp.com\/hotel-alexandre3.com\/wp-content\/uploads\/2014\/12\/MG_0074.jpg?zoom=3&amp;resize=150%2C150&amp;ssl=1 450w\" sizes=\"auto, (max-width: 150px) 100vw, 150px\" data-attachment-id=\"112\" data-permalink=\"https:\/\/hotel-alexandre3.com\/es\/_mg_0074\/\" data-orig-file=\"https:\/\/i0.wp.com\/hotel-alexandre3.com\/wp-content\/uploads\/2014\/12\/MG_0074.jpg?fit=2592%2C3888&amp;ssl=1\" data-orig-size=\"2592,3888\" data-comments-opened=\"0\" data-image-meta=\"{&quot;aperture&quot;:&quot;3.5&quot;,&quot;credit&quot;:&quot;&quot;,&quot;camera&quot;:&quot;Canon EOS 400D DIGITAL&quot;,&quot;caption&quot;:&quot;&quot;,&quot;created_timestamp&quot;:&quot;1180520742&quot;,&quot;copyright&quot;:&quot;&quot;,&quot;focal_length&quot;:&quot;28&quot;,&quot;iso&quot;:&quot;100&quot;,&quot;shutter_speed&quot;:&quot;0.02&quot;,&quot;title&quot;:&quot;&quot;,&quot;orientation&quot;:&quot;0&quot;}\" data-image-title=\"Quadruple room\" data-image-description=\"\" data-image-caption=\"&lt;p&gt;Quadruple room: 2x Double beds&lt;\/p&gt;\n\" data-large-file=\"https:\/\/i0.wp.com\/hotel-alexandre3.com\/wp-content\/uploads\/2014\/12\/MG_0074.jpg?fit=682%2C1024&amp;ssl=1\" \/>\n\t\t\t<\/div>\n\t\t\t\t<figcaption class='wp-caption-text gallery-caption' id='gallery-1-112'>\n\t\t\t\tQuadruple room: 2x Double beds\n\t\t\t\t<\/figcaption><\/figure><figure class='gallery-item'>\n\t\t\t<div class='gallery-icon portrait'>\n\t\t\t\t<img loading=\"lazy\" decoding=\"async\" width=\"150\" height=\"150\" src=\"https:\/\/i0.wp.com\/hotel-alexandre3.com\/wp-content\/uploads\/2014\/12\/MG_0042.jpg?resize=150%2C150&amp;ssl=1\" class=\"attachment-thumbnail size-thumbnail\" alt=\"\" aria-describedby=\"gallery-1-106\" srcset=\"https:\/\/i0.wp.com\/hotel-alexandre3.com\/wp-content\/uploads\/2014\/12\/MG_0042.jpg?resize=150%2C150&amp;ssl=1 150w, https:\/\/i0.wp.com\/hotel-alexandre3.com\/wp-content\/uploads\/2014\/12\/MG_0042.jpg?resize=100%2C100&amp;ssl=1 100w, https:\/\/i0.wp.com\/hotel-alexandre3.com\/wp-content\/uploads\/2014\/12\/MG_0042.jpg?zoom=2&amp;resize=150%2C150&amp;ssl=1 300w, https:\/\/i0.wp.com\/hotel-alexandre3.com\/wp-content\/uploads\/2014\/12\/MG_0042.jpg?zoom=3&amp;resize=150%2C150&amp;ssl=1 450w\" sizes=\"auto, (max-width: 150px) 100vw, 150px\" data-attachment-id=\"106\" data-permalink=\"https:\/\/hotel-alexandre3.com\/es\/_mg_0042\/\" data-orig-file=\"https:\/\/i0.wp.com\/hotel-alexandre3.com\/wp-content\/uploads\/2014\/12\/MG_0042.jpg?fit=2592%2C3888&amp;ssl=1\" data-orig-size=\"2592,3888\" data-comments-opened=\"0\" data-image-meta=\"{&quot;aperture&quot;:&quot;3.5&quot;,&quot;credit&quot;:&quot;&quot;,&quot;camera&quot;:&quot;Canon EOS 400D DIGITAL&quot;,&quot;caption&quot;:&quot;&quot;,&quot;created_timestamp&quot;:&quot;1180519378&quot;,&quot;copyright&quot;:&quot;&quot;,&quot;focal_length&quot;:&quot;28&quot;,&quot;iso&quot;:&quot;100&quot;,&quot;shutter_speed&quot;:&quot;0.02&quot;,&quot;title&quot;:&quot;&quot;,&quot;orientation&quot;:&quot;0&quot;}\" data-image-title=\" Furniture\" data-image-description=\"\" data-image-caption=\"&lt;p&gt;High quality furniture&lt;\/p&gt;\n\" data-large-file=\"https:\/\/i0.wp.com\/hotel-alexandre3.com\/wp-content\/uploads\/2014\/12\/MG_0042.jpg?fit=682%2C1024&amp;ssl=1\" \/>\n\t\t\t<\/div>\n\t\t\t\t<figcaption class='wp-caption-text gallery-caption' id='gallery-1-106'>\n\t\t\t\tHigh quality furniture\n\t\t\t\t<\/figcaption><\/figure><figure class='gallery-item'>\n\t\t\t<div class='gallery-icon landscape'>\n\t\t\t\t<img loading=\"lazy\" decoding=\"async\" width=\"150\" height=\"150\" src=\"https:\/\/i0.wp.com\/hotel-alexandre3.com\/wp-content\/uploads\/2014\/12\/MG_0061.jpg?resize=150%2C150&amp;ssl=1\" class=\"attachment-thumbnail size-thumbnail\" alt=\"\" aria-describedby=\"gallery-1-109\" srcset=\"https:\/\/i0.wp.com\/hotel-alexandre3.com\/wp-content\/uploads\/2014\/12\/MG_0061.jpg?resize=150%2C150&amp;ssl=1 150w, https:\/\/i0.wp.com\/hotel-alexandre3.com\/wp-content\/uploads\/2014\/12\/MG_0061.jpg?resize=100%2C100&amp;ssl=1 100w, https:\/\/i0.wp.com\/hotel-alexandre3.com\/wp-content\/uploads\/2014\/12\/MG_0061.jpg?zoom=2&amp;resize=150%2C150&amp;ssl=1 300w, https:\/\/i0.wp.com\/hotel-alexandre3.com\/wp-content\/uploads\/2014\/12\/MG_0061.jpg?zoom=3&amp;resize=150%2C150&amp;ssl=1 450w\" sizes=\"auto, (max-width: 150px) 100vw, 150px\" data-attachment-id=\"109\" data-permalink=\"https:\/\/hotel-alexandre3.com\/es\/_mg_0061\/\" data-orig-file=\"https:\/\/i0.wp.com\/hotel-alexandre3.com\/wp-content\/uploads\/2014\/12\/MG_0061.jpg?fit=3888%2C2592&amp;ssl=1\" data-orig-size=\"3888,2592\" data-comments-opened=\"0\" data-image-meta=\"{&quot;aperture&quot;:&quot;5.6&quot;,&quot;credit&quot;:&quot;&quot;,&quot;camera&quot;:&quot;Canon EOS 400D DIGITAL&quot;,&quot;caption&quot;:&quot;&quot;,&quot;created_timestamp&quot;:&quot;1180519993&quot;,&quot;copyright&quot;:&quot;&quot;,&quot;focal_length&quot;:&quot;28&quot;,&quot;iso&quot;:&quot;100&quot;,&quot;shutter_speed&quot;:&quot;0.008&quot;,&quot;title&quot;:&quot;&quot;,&quot;orientation&quot;:&quot;1&quot;}\" data-image-title=\"Master Suite\" data-image-description=\"\" data-image-caption=\"&lt;p&gt;Master Suite: Bath&lt;\/p&gt;\n\" data-large-file=\"https:\/\/i0.wp.com\/hotel-alexandre3.com\/wp-content\/uploads\/2014\/12\/MG_0061.jpg?fit=750%2C500&amp;ssl=1\" \/>\n\t\t\t<\/div>\n\t\t\t\t<figcaption class='wp-caption-text gallery-caption' id='gallery-1-109'>\n\t\t\t\tMaster Suite: Bath\n\t\t\t\t<\/figcaption><\/figure><figure class='gallery-item'>\n\t\t\t<div class='gallery-icon portrait'>\n\t\t\t\t<img loading=\"lazy\" decoding=\"async\" width=\"150\" height=\"150\" src=\"https:\/\/i0.wp.com\/hotel-alexandre3.com\/wp-content\/uploads\/2014\/12\/MG_0071.jpg?resize=150%2C150&amp;ssl=1\" class=\"attachment-thumbnail size-thumbnail\" alt=\"\" aria-describedby=\"gallery-1-110\" srcset=\"https:\/\/i0.wp.com\/hotel-alexandre3.com\/wp-content\/uploads\/2014\/12\/MG_0071.jpg?resize=150%2C150&amp;ssl=1 150w, https:\/\/i0.wp.com\/hotel-alexandre3.com\/wp-content\/uploads\/2014\/12\/MG_0071.jpg?resize=100%2C100&amp;ssl=1 100w, https:\/\/i0.wp.com\/hotel-alexandre3.com\/wp-content\/uploads\/2014\/12\/MG_0071.jpg?zoom=2&amp;resize=150%2C150&amp;ssl=1 300w, https:\/\/i0.wp.com\/hotel-alexandre3.com\/wp-content\/uploads\/2014\/12\/MG_0071.jpg?zoom=3&amp;resize=150%2C150&amp;ssl=1 450w\" sizes=\"auto, (max-width: 150px) 100vw, 150px\" data-attachment-id=\"110\" data-permalink=\"https:\/\/hotel-alexandre3.com\/es\/_mg_0071\/\" data-orig-file=\"https:\/\/i0.wp.com\/hotel-alexandre3.com\/wp-content\/uploads\/2014\/12\/MG_0071.jpg?fit=2592%2C3888&amp;ssl=1\" data-orig-size=\"2592,3888\" data-comments-opened=\"0\" data-image-meta=\"{&quot;aperture&quot;:&quot;3.5&quot;,&quot;credit&quot;:&quot;&quot;,&quot;camera&quot;:&quot;Canon EOS 400D DIGITAL&quot;,&quot;caption&quot;:&quot;&quot;,&quot;created_timestamp&quot;:&quot;1180520594&quot;,&quot;copyright&quot;:&quot;&quot;,&quot;focal_length&quot;:&quot;28&quot;,&quot;iso&quot;:&quot;100&quot;,&quot;shutter_speed&quot;:&quot;0.02&quot;,&quot;title&quot;:&quot;&quot;,&quot;orientation&quot;:&quot;0&quot;}\" data-image-title=\"Suites\" data-image-description=\"\" data-image-caption=\"&lt;p&gt;Suites: Living room&lt;\/p&gt;\n\" data-large-file=\"https:\/\/i0.wp.com\/hotel-alexandre3.com\/wp-content\/uploads\/2014\/12\/MG_0071.jpg?fit=682%2C1024&amp;ssl=1\" \/>\n\t\t\t<\/div>\n\t\t\t\t<figcaption class='wp-caption-text gallery-caption' id='gallery-1-110'>\n\t\t\t\tSuites: Living room\n\t\t\t\t<\/figcaption><\/figure><figure class='gallery-item'>\n\t\t\t<div class='gallery-icon landscape'>\n\t\t\t\t<img loading=\"lazy\" decoding=\"async\" width=\"150\" height=\"150\" src=\"https:\/\/i0.wp.com\/hotel-alexandre3.com\/wp-content\/uploads\/2014\/12\/Photo-0551.jpg?resize=150%2C150&amp;ssl=1\" class=\"attachment-thumbnail size-thumbnail\" alt=\"\" aria-describedby=\"gallery-1-117\" srcset=\"https:\/\/i0.wp.com\/hotel-alexandre3.com\/wp-content\/uploads\/2014\/12\/Photo-0551.jpg?resize=150%2C150&amp;ssl=1 150w, https:\/\/i0.wp.com\/hotel-alexandre3.com\/wp-content\/uploads\/2014\/12\/Photo-0551.jpg?resize=100%2C100&amp;ssl=1 100w, https:\/\/i0.wp.com\/hotel-alexandre3.com\/wp-content\/uploads\/2014\/12\/Photo-0551.jpg?zoom=2&amp;resize=150%2C150&amp;ssl=1 300w, https:\/\/i0.wp.com\/hotel-alexandre3.com\/wp-content\/uploads\/2014\/12\/Photo-0551.jpg?zoom=3&amp;resize=150%2C150&amp;ssl=1 450w\" sizes=\"auto, (max-width: 150px) 100vw, 150px\" data-attachment-id=\"117\" data-permalink=\"https:\/\/hotel-alexandre3.com\/es\/photo-055-2\/\" data-orig-file=\"https:\/\/i0.wp.com\/hotel-alexandre3.com\/wp-content\/uploads\/2014\/12\/Photo-0551.jpg?fit=3456%2C2304&amp;ssl=1\" data-orig-size=\"3456,2304\" data-comments-opened=\"0\" data-image-meta=\"{&quot;aperture&quot;:&quot;4.5&quot;,&quot;credit&quot;:&quot;&quot;,&quot;camera&quot;:&quot;Canon EOS 350D DIGITAL&quot;,&quot;caption&quot;:&quot;&quot;,&quot;created_timestamp&quot;:&quot;1182621361&quot;,&quot;copyright&quot;:&quot;&quot;,&quot;focal_length&quot;:&quot;18&quot;,&quot;iso&quot;:&quot;400&quot;,&quot;shutter_speed&quot;:&quot;0.0166666666667&quot;,&quot;title&quot;:&quot;&quot;,&quot;orientation&quot;:&quot;1&quot;}\" data-image-title=\"Double bed\" data-image-description=\"\" data-image-caption=\"&lt;p&gt;Double room: Double bed&lt;\/p&gt;\n\" data-large-file=\"https:\/\/i0.wp.com\/hotel-alexandre3.com\/wp-content\/uploads\/2014\/12\/Photo-0551.jpg?fit=750%2C500&amp;ssl=1\" \/>\n\t\t\t<\/div>\n\t\t\t\t<figcaption class='wp-caption-text gallery-caption' id='gallery-1-117'>\n\t\t\t\tDouble room: Double bed\n\t\t\t\t<\/figcaption><\/figure><figure class='gallery-item'>\n\t\t\t<div class='gallery-icon portrait'>\n\t\t\t\t<img loading=\"lazy\" decoding=\"async\" width=\"150\" height=\"150\" src=\"https:\/\/i0.wp.com\/hotel-alexandre3.com\/wp-content\/uploads\/2014\/12\/MG_0037.jpg?resize=150%2C150&amp;ssl=1\" class=\"attachment-thumbnail size-thumbnail\" alt=\"\" aria-describedby=\"gallery-1-105\" srcset=\"https:\/\/i0.wp.com\/hotel-alexandre3.com\/wp-content\/uploads\/2014\/12\/MG_0037.jpg?resize=150%2C150&amp;ssl=1 150w, https:\/\/i0.wp.com\/hotel-alexandre3.com\/wp-content\/uploads\/2014\/12\/MG_0037.jpg?resize=100%2C100&amp;ssl=1 100w, https:\/\/i0.wp.com\/hotel-alexandre3.com\/wp-content\/uploads\/2014\/12\/MG_0037.jpg?zoom=2&amp;resize=150%2C150&amp;ssl=1 300w, https:\/\/i0.wp.com\/hotel-alexandre3.com\/wp-content\/uploads\/2014\/12\/MG_0037.jpg?zoom=3&amp;resize=150%2C150&amp;ssl=1 450w\" sizes=\"auto, (max-width: 150px) 100vw, 150px\" data-attachment-id=\"105\" data-permalink=\"https:\/\/hotel-alexandre3.com\/es\/_mg_0037\/\" data-orig-file=\"https:\/\/i0.wp.com\/hotel-alexandre3.com\/wp-content\/uploads\/2014\/12\/MG_0037.jpg?fit=2592%2C3888&amp;ssl=1\" data-orig-size=\"2592,3888\" data-comments-opened=\"0\" data-image-meta=\"{&quot;aperture&quot;:&quot;4.5&quot;,&quot;credit&quot;:&quot;&quot;,&quot;camera&quot;:&quot;Canon EOS 400D DIGITAL&quot;,&quot;caption&quot;:&quot;&quot;,&quot;created_timestamp&quot;:&quot;1180519266&quot;,&quot;copyright&quot;:&quot;&quot;,&quot;focal_length&quot;:&quot;28&quot;,&quot;iso&quot;:&quot;100&quot;,&quot;shutter_speed&quot;:&quot;0.0125&quot;,&quot;title&quot;:&quot;&quot;,&quot;orientation&quot;:&quot;0&quot;}\" data-image-title=\"Clean\" data-image-description=\"\" data-image-caption=\"&lt;p&gt;Sparkling clean&lt;\/p&gt;\n\" data-large-file=\"https:\/\/i0.wp.com\/hotel-alexandre3.com\/wp-content\/uploads\/2014\/12\/MG_0037.jpg?fit=682%2C1024&amp;ssl=1\" \/>\n\t\t\t<\/div>\n\t\t\t\t<figcaption class='wp-caption-text gallery-caption' id='gallery-1-105'>\n\t\t\t\tSparkling clean\n\t\t\t\t<\/figcaption><\/figure><figure class='gallery-item'>\n\t\t\t<div class='gallery-icon landscape'>\n\t\t\t\t<img loading=\"lazy\" decoding=\"async\" width=\"150\" height=\"150\" src=\"https:\/\/i0.wp.com\/hotel-alexandre3.com\/wp-content\/uploads\/2014\/12\/Photo-057.jpg?resize=150%2C150&amp;ssl=1\" class=\"attachment-thumbnail size-thumbnail\" alt=\"\" aria-describedby=\"gallery-1-119\" srcset=\"https:\/\/i0.wp.com\/hotel-alexandre3.com\/wp-content\/uploads\/2014\/12\/Photo-057.jpg?resize=150%2C150&amp;ssl=1 150w, https:\/\/i0.wp.com\/hotel-alexandre3.com\/wp-content\/uploads\/2014\/12\/Photo-057.jpg?resize=100%2C100&amp;ssl=1 100w, https:\/\/i0.wp.com\/hotel-alexandre3.com\/wp-content\/uploads\/2014\/12\/Photo-057.jpg?zoom=2&amp;resize=150%2C150&amp;ssl=1 300w, https:\/\/i0.wp.com\/hotel-alexandre3.com\/wp-content\/uploads\/2014\/12\/Photo-057.jpg?zoom=3&amp;resize=150%2C150&amp;ssl=1 450w\" sizes=\"auto, (max-width: 150px) 100vw, 150px\" data-attachment-id=\"119\" data-permalink=\"https:\/\/hotel-alexandre3.com\/es\/photo-057\/\" data-orig-file=\"https:\/\/i0.wp.com\/hotel-alexandre3.com\/wp-content\/uploads\/2014\/12\/Photo-057.jpg?fit=3456%2C2304&amp;ssl=1\" data-orig-size=\"3456,2304\" data-comments-opened=\"0\" data-image-meta=\"{&quot;aperture&quot;:&quot;5&quot;,&quot;credit&quot;:&quot;&quot;,&quot;camera&quot;:&quot;Canon EOS 350D DIGITAL&quot;,&quot;caption&quot;:&quot;&quot;,&quot;created_timestamp&quot;:&quot;1182621617&quot;,&quot;copyright&quot;:&quot;&quot;,&quot;focal_length&quot;:&quot;18&quot;,&quot;iso&quot;:&quot;400&quot;,&quot;shutter_speed&quot;:&quot;0.0166666666667&quot;,&quot;title&quot;:&quot;&quot;,&quot;orientation&quot;:&quot;1&quot;}\" data-image-title=\"King size bed\" data-image-description=\"\" data-image-caption=\"&lt;p&gt;Suite: King size bed&lt;\/p&gt;\n\" data-large-file=\"https:\/\/i0.wp.com\/hotel-alexandre3.com\/wp-content\/uploads\/2014\/12\/Photo-057.jpg?fit=750%2C500&amp;ssl=1\" \/>\n\t\t\t<\/div>\n\t\t\t\t<figcaption class='wp-caption-text gallery-caption' id='gallery-1-119'>\n\t\t\t\tSuite: King size bed\n\t\t\t\t<\/figcaption><\/figure><figure class='gallery-item'>\n\t\t\t<div class='gallery-icon portrait'>\n\t\t\t\t<img loading=\"lazy\" decoding=\"async\" width=\"150\" height=\"150\" src=\"https:\/\/i0.wp.com\/hotel-alexandre3.com\/wp-content\/uploads\/2014\/12\/MG_0076.jpg?resize=150%2C150&amp;ssl=1\" class=\"attachment-thumbnail size-thumbnail\" alt=\"\" aria-describedby=\"gallery-1-113\" srcset=\"https:\/\/i0.wp.com\/hotel-alexandre3.com\/wp-content\/uploads\/2014\/12\/MG_0076.jpg?resize=150%2C150&amp;ssl=1 150w, https:\/\/i0.wp.com\/hotel-alexandre3.com\/wp-content\/uploads\/2014\/12\/MG_0076.jpg?resize=100%2C100&amp;ssl=1 100w, https:\/\/i0.wp.com\/hotel-alexandre3.com\/wp-content\/uploads\/2014\/12\/MG_0076.jpg?zoom=2&amp;resize=150%2C150&amp;ssl=1 300w, https:\/\/i0.wp.com\/hotel-alexandre3.com\/wp-content\/uploads\/2014\/12\/MG_0076.jpg?zoom=3&amp;resize=150%2C150&amp;ssl=1 450w\" sizes=\"auto, (max-width: 150px) 100vw, 150px\" data-attachment-id=\"113\" data-permalink=\"https:\/\/hotel-alexandre3.com\/es\/_mg_0076\/\" data-orig-file=\"https:\/\/i0.wp.com\/hotel-alexandre3.com\/wp-content\/uploads\/2014\/12\/MG_0076.jpg?fit=2592%2C3888&amp;ssl=1\" data-orig-size=\"2592,3888\" data-comments-opened=\"0\" data-image-meta=\"{&quot;aperture&quot;:&quot;2.8&quot;,&quot;credit&quot;:&quot;&quot;,&quot;camera&quot;:&quot;Canon EOS 400D DIGITAL&quot;,&quot;caption&quot;:&quot;&quot;,&quot;created_timestamp&quot;:&quot;1180520837&quot;,&quot;copyright&quot;:&quot;&quot;,&quot;focal_length&quot;:&quot;28&quot;,&quot;iso&quot;:&quot;100&quot;,&quot;shutter_speed&quot;:&quot;0.05&quot;,&quot;title&quot;:&quot;&quot;,&quot;orientation&quot;:&quot;0&quot;}\" data-image-title=\"Shower\" data-image-description=\"\" data-image-caption=\"&lt;p&gt;Standard showers&lt;\/p&gt;\n\" data-large-file=\"https:\/\/i0.wp.com\/hotel-alexandre3.com\/wp-content\/uploads\/2014\/12\/MG_0076.jpg?fit=682%2C1024&amp;ssl=1\" \/>\n\t\t\t<\/div>\n\t\t\t\t<figcaption class='wp-caption-text gallery-caption' id='gallery-1-113'>\n\t\t\t\tStandard showers\n\t\t\t\t<\/figcaption><\/figure><figure class='gallery-item'>\n\t\t\t<div class='gallery-icon landscape'>\n\t\t\t\t<img loading=\"lazy\" decoding=\"async\" width=\"150\" height=\"150\" src=\"https:\/\/i0.wp.com\/hotel-alexandre3.com\/wp-content\/uploads\/2014\/12\/Photo-127.jpg?resize=150%2C150&amp;ssl=1\" class=\"attachment-thumbnail size-thumbnail\" alt=\"\" aria-describedby=\"gallery-1-120\" srcset=\"https:\/\/i0.wp.com\/hotel-alexandre3.com\/wp-content\/uploads\/2014\/12\/Photo-127.jpg?resize=150%2C150&amp;ssl=1 150w, https:\/\/i0.wp.com\/hotel-alexandre3.com\/wp-content\/uploads\/2014\/12\/Photo-127.jpg?resize=100%2C100&amp;ssl=1 100w, https:\/\/i0.wp.com\/hotel-alexandre3.com\/wp-content\/uploads\/2014\/12\/Photo-127.jpg?zoom=2&amp;resize=150%2C150&amp;ssl=1 300w, https:\/\/i0.wp.com\/hotel-alexandre3.com\/wp-content\/uploads\/2014\/12\/Photo-127.jpg?zoom=3&amp;resize=150%2C150&amp;ssl=1 450w\" sizes=\"auto, (max-width: 150px) 100vw, 150px\" data-attachment-id=\"120\" data-permalink=\"https:\/\/hotel-alexandre3.com\/es\/photo-127\/\" data-orig-file=\"https:\/\/i0.wp.com\/hotel-alexandre3.com\/wp-content\/uploads\/2014\/12\/Photo-127.jpg?fit=3456%2C2304&amp;ssl=1\" data-orig-size=\"3456,2304\" data-comments-opened=\"0\" data-image-meta=\"{&quot;aperture&quot;:&quot;5&quot;,&quot;credit&quot;:&quot;&quot;,&quot;camera&quot;:&quot;Canon EOS 350D DIGITAL&quot;,&quot;caption&quot;:&quot;&quot;,&quot;created_timestamp&quot;:&quot;1182623293&quot;,&quot;copyright&quot;:&quot;&quot;,&quot;focal_length&quot;:&quot;37&quot;,&quot;iso&quot;:&quot;100&quot;,&quot;shutter_speed&quot;:&quot;0.0015625&quot;,&quot;title&quot;:&quot;&quot;,&quot;orientation&quot;:&quot;1&quot;}\" data-image-title=\"Master Suite\" data-image-description=\"\" data-image-caption=\"&lt;p&gt;Master Suite: 40 m2 private terrace&lt;\/p&gt;\n\" data-large-file=\"https:\/\/i0.wp.com\/hotel-alexandre3.com\/wp-content\/uploads\/2014\/12\/Photo-127.jpg?fit=750%2C500&amp;ssl=1\" \/>\n\t\t\t<\/div>\n\t\t\t\t<figcaption class='wp-caption-text gallery-caption' id='gallery-1-120'>\n\t\t\t\tMaster Suite: 40 m2 private terrace\n\t\t\t\t<\/figcaption><\/figure><figure class='gallery-item'>\n\t\t\t<div class='gallery-icon portrait'>\n\t\t\t\t<img loading=\"lazy\" decoding=\"async\" width=\"150\" height=\"150\" src=\"https:\/\/i0.wp.com\/hotel-alexandre3.com\/wp-content\/uploads\/2014\/12\/MG_0034.jpg?resize=150%2C150&amp;ssl=1\" class=\"attachment-thumbnail size-thumbnail\" alt=\"\" aria-describedby=\"gallery-1-103\" srcset=\"https:\/\/i0.wp.com\/hotel-alexandre3.com\/wp-content\/uploads\/2014\/12\/MG_0034.jpg?resize=150%2C150&amp;ssl=1 150w, https:\/\/i0.wp.com\/hotel-alexandre3.com\/wp-content\/uploads\/2014\/12\/MG_0034.jpg?resize=100%2C100&amp;ssl=1 100w, https:\/\/i0.wp.com\/hotel-alexandre3.com\/wp-content\/uploads\/2014\/12\/MG_0034.jpg?zoom=2&amp;resize=150%2C150&amp;ssl=1 300w, https:\/\/i0.wp.com\/hotel-alexandre3.com\/wp-content\/uploads\/2014\/12\/MG_0034.jpg?zoom=3&amp;resize=150%2C150&amp;ssl=1 450w\" sizes=\"auto, (max-width: 150px) 100vw, 150px\" data-attachment-id=\"103\" data-permalink=\"https:\/\/hotel-alexandre3.com\/es\/_mg_0034\/\" data-orig-file=\"https:\/\/i0.wp.com\/hotel-alexandre3.com\/wp-content\/uploads\/2014\/12\/MG_0034.jpg?fit=2592%2C3888&amp;ssl=1\" data-orig-size=\"2592,3888\" data-comments-opened=\"0\" data-image-meta=\"{&quot;aperture&quot;:&quot;5&quot;,&quot;credit&quot;:&quot;&quot;,&quot;camera&quot;:&quot;Canon EOS 400D DIGITAL&quot;,&quot;caption&quot;:&quot;&quot;,&quot;created_timestamp&quot;:&quot;1180519183&quot;,&quot;copyright&quot;:&quot;&quot;,&quot;focal_length&quot;:&quot;28&quot;,&quot;iso&quot;:&quot;100&quot;,&quot;shutter_speed&quot;:&quot;0.01&quot;,&quot;title&quot;:&quot;&quot;,&quot;orientation&quot;:&quot;0&quot;}\" data-image-title=\"Bathrooms\" data-image-description=\"\" data-image-caption=\"&lt;p&gt;Complete bathrooms&lt;\/p&gt;\n\" data-large-file=\"https:\/\/i0.wp.com\/hotel-alexandre3.com\/wp-content\/uploads\/2014\/12\/MG_0034.jpg?fit=682%2C1024&amp;ssl=1\" \/>\n\t\t\t<\/div>\n\t\t\t\t<figcaption class='wp-caption-text gallery-caption' id='gallery-1-103'>\n\t\t\t\tComplete bathrooms\n\t\t\t\t<\/figcaption><\/figure>\n\t\t<\/div>\n\n","protected":false},"excerpt":{"rendered":"<p class=\"excerpt\">Nuestras Habitaciones y Suites est\u00e1n dise\u00f1adas para que usted tenga todo lo que necesita para una estancia placentera. &nbsp; Usted va a dormir en camas confortables con s\u00e1banas frescas en un colch\u00f3n ortop\u00e9dico. Para su confort, usted encontrar\u00e1: aire acondicionado, televisi\u00f3n, caja fuerte, secadora de cabello, WiFi gratuito, tel\u00e9fono, ventanas y puertas contra ruido; junto con muchos otros detalles que&hellip; <a href=\"https:\/\/hotel-alexandre3.com\/es\/habitaciones-y-suites\/\">Leer m\u00e1s &rarr;<\/a><\/p>\n","protected":false},"author":1,"featured_media":0,"parent":0,"menu_order":0,"comment_status":"closed","ping_status":"closed","template":"","meta":{"jetpack_post_was_ever_published":false,"footnotes":""},"class_list":["post-353","page","type-page","status-publish","hentry","xfolkentry"],"jetpack_sharing_enabled":true,"jetpack_shortlink":"https:\/\/wp.me\/P5rA3g-5H","_links":{"self":[{"href":"https:\/\/hotel-alexandre3.com\/es\/wp-json\/wp\/v2\/pages\/353","targetHints":{"allow":["GET"]}}],"collection":[{"href":"https:\/\/hotel-alexandre3.com\/es\/wp-json\/wp\/v2\/pages"}],"about":[{"href":"https:\/\/hotel-alexandre3.com\/es\/wp-json\/wp\/v2\/types\/page"}],"author":[{"embeddable":true,"href":"https:\/\/hotel-alexandre3.com\/es\/wp-json\/wp\/v2\/users\/1"}],"replies":[{"embeddable":true,"href":"https:\/\/hotel-alexandre3.com\/es\/wp-json\/wp\/v2\/comments?post=353"}],"version-history":[{"count":2,"href":"https:\/\/hotel-alexandre3.com\/es\/wp-json\/wp\/v2\/pages\/353\/revisions"}],"predecessor-version":[{"id":355,"href":"https:\/\/hotel-alexandre3.com\/es\/wp-json\/wp\/v2\/pages\/353\/revisions\/355"}],"wp:attachment":[{"href":"https:\/\/hotel-alexandre3.com\/es\/wp-json\/wp\/v2\/media?parent=353"}],"curies":[{"name":"wp","href":"https:\/\/api.w.org\/{rel}","templated":true}]}}