{"id":357,"date":"2015-01-12T22:53:44","date_gmt":"2015-01-12T21:53:44","guid":{"rendered":"https:\/\/hotel-alexandre3.com\/?page_id=357"},"modified":"2025-04-30T07:45:21","modified_gmt":"2025-04-30T06:45:21","slug":"the-hotel","status":"publish","type":"page","link":"https:\/\/hotel-alexandre3.com\/es\/the-hotel\/","title":{"rendered":"Acerca de Nosotros"},"content":{"rendered":"<h3>Un poco de historia.<\/h3>\n<p>Nuestro edificio fue la villa del Mayor de Cannes a principios del siglo pasado. Despu\u00e9s fue transformado en un Hotel y ahora cuenta con 11 habitaciones.<\/p>\n<h3>Por favor tome asiento en nuestro acogedor sal\u00f3n.<\/h3>\n<p>Puede relajarse con una taza de caf\u00e9 mientras usa nuestra red WiFi. Servimos nuestro desayuno desde las 8am hasta las 11am&#8230; \u00bfA qui\u00e9n le gusta levantarse temprano y apurarse para desayunar? A nadie.<\/p>\n<h3>Disfrute de su desayuno en nuestro jard\u00edn y terraza.<\/h3>\n<p>Empiece\u00a0su dia con nuestro desayuno continental que consiste en: croissants frescos, incre\u00edble baguette, 3 tipos de cereales, yoghurts (naturales y de frutas), queso, pur\u00e9 de frutas, mermeladas, mantequilla y por supuesto, t\u00e9 o caf\u00e9.<\/p>\n<h3>\u00bfYa mencionamos que tenemos estacionamiento gratis?<\/h3>\n<p>Si! En Cannes, un espacio de estacionamiento puede ser mas valioso que una piscina. Tenemos estacionamiento privado en nuestra propiedad (primero en llegar, primero en ser servido). Y <em>es gratis<\/em>!<\/p>\n","protected":false},"excerpt":{"rendered":"<p class=\"excerpt\">Un poco de historia. Nuestro edificio fue la villa del Mayor de Cannes a principios del siglo pasado. Despu\u00e9s fue transformado en un Hotel y ahora cuenta con 11 habitaciones. Por favor tome asiento en nuestro acogedor sal\u00f3n. Puede relajarse con una taza de caf\u00e9 mientras usa nuestra red WiFi. Servimos nuestro desayuno desde las 8am hasta las 11am&#8230; \u00bfA&hellip; <a href=\"https:\/\/hotel-alexandre3.com\/es\/the-hotel\/\">Leer m\u00e1s &rarr;<\/a><\/p>\n","protected":false},"author":1,"featured_media":0,"parent":0,"menu_order":0,"comment_status":"closed","ping_status":"closed","template":"","meta":{"jetpack_post_was_ever_published":false,"footnotes":""},"class_list":["post-357","page","type-page","status-publish","hentry","xfolkentry"],"jetpack_sharing_enabled":true,"jetpack_shortlink":"https:\/\/wp.me\/P5rA3g-5L","_links":{"self":[{"href":"https:\/\/hotel-alexandre3.com\/es\/wp-json\/wp\/v2\/pages\/357","targetHints":{"allow":["GET"]}}],"collection":[{"href":"https:\/\/hotel-alexandre3.com\/es\/wp-json\/wp\/v2\/pages"}],"about":[{"href":"https:\/\/hotel-alexandre3.com\/es\/wp-json\/wp\/v2\/types\/page"}],"author":[{"embeddable":true,"href":"https:\/\/hotel-alexandre3.com\/es\/wp-json\/wp\/v2\/users\/1"}],"replies":[{"embeddable":true,"href":"https:\/\/hotel-alexandre3.com\/es\/wp-json\/wp\/v2\/comments?post=357"}],"version-history":[{"count":6,"href":"https:\/\/hotel-alexandre3.com\/es\/wp-json\/wp\/v2\/pages\/357\/revisions"}],"predecessor-version":[{"id":2445,"href":"https:\/\/hotel-alexandre3.com\/es\/wp-json\/wp\/v2\/pages\/357\/revisions\/2445"}],"wp:attachment":[{"href":"https:\/\/hotel-alexandre3.com\/es\/wp-json\/wp\/v2\/media?parent=357"}],"curies":[{"name":"wp","href":"https:\/\/api.w.org\/{rel}","templated":true}]}}