{"id":2064,"date":"2020-06-09T11:05:19","date_gmt":"2020-06-09T10:05:19","guid":{"rendered":"https:\/\/hotel-alexandre3.com\/?page_id=2064"},"modified":"2025-04-26T18:03:23","modified_gmt":"2025-04-26T17:03:23","slug":"profitez","status":"publish","type":"page","link":"https:\/\/hotel-alexandre3.com\/fr\/profitez\/","title":{"rendered":"Profitez de votre s\u00e9jour!"},"content":{"rendered":"\n<blockquote class=\"wp-block-quote is-layout-flow wp-block-quote-is-layout-flow\">\n<p>Chers clients, <\/p>\n<cite>On esp\u00e8re que vous vous sentez d\u00e9j\u00e0 comfortable dans votre chambre.<\/cite><\/blockquote>\n\n\n\n<p>Voici quelques informations et liens utiles pour rendre votre s\u00e9jour \u00e0 Cannes plus agr\u00e9able.<\/p>\n\n\n\n<hr class=\"wp-block-separator has-css-opacity\"\/>\n\n\n\n<p class=\"has-text-align-center\"><strong>SERVICES GRATUITES SUR DEMANDE<\/strong><\/p>\n\n\n\n<ul class=\"wp-block-list\">\n<li>\ud83d\udedc <strong>WiFi.<\/strong> Utilisez le code: <em>B84023F443<\/em>. <\/li>\n\n\n\n<li>\ud83d\udead <strong>Non-fumeurs.<\/strong> Toutes les chambres sont non-fumeurs.<\/li>\n\n\n\n<li>\u231a\ufe0f <strong>Horaires.<\/strong> La r\u00e9ception est ouverte de 8h \u00e0 20h.<\/li>\n\n\n\n<li>\ud83c\udd7f\ufe0f <strong>Parking.<\/strong> Fermez bien votre voiture. Nous d\u00e9clinons toute responsabilit\u00e9 de vol.<\/li>\n\n\n\n<li>\u2615\ufe0f <strong>Boissons<\/strong>. Des boissons sont disponibles \u00e0 la vente dans le salon (2\u20ac). <\/li>\n\n\n\n<li>\ud83d\udea8 <strong>Attention.<\/strong> Les serviettes, peignoirs et t\u00e9l\u00e9commandes manquants seront factur\u00e9s.<\/li>\n\n\n\n<li>\ud83d\udca4 <strong>Oreillers. <\/strong>Vous pouvez choisir entre deux types oreillers: anti-allergiques et plumes.<\/li>\n\n\n\n<li>\u23f0 <strong>Reveil.<\/strong> Nous pouvons vous r\u00e9veiller pendant nos heures d&rsquo;ouverture (8h-20h).<\/li>\n\n\n\n<li>\ud83e\udea5 <strong>Necessaire.<\/strong> \u00c0 correspondance, chaussures, couture et d&rsquo;hygiene sont disponibles.<\/li>\n\n\n\n<li>\ud83d\udebc <strong>Beb\u00e9s.  <\/strong>Matelas a langer et chaise haute pour le petit d\u00e9jeuner.<\/li>\n\n\n\n<li>\ud83d\udeb2 <strong>V\u00e9los.<\/strong> Notre parking \u00e0 v\u00e9los se trouve derriere l&rsquo;hotel, au coin du parking. <\/li>\n\n\n\n<li>\ud83d\uddde\ufe0f<strong>Jouneaux. <\/strong>Des journaux d&rsquo;actualit\u00e9 via l&rsquo;app gratuite \u00ab\u00a0<a rel=\"noreferrer noopener\" href=\"https:\/\/www.cafeyn.co\" target=\"_blank\">Cafeyn<\/a>.\u00a0\u00bb Details au Salon.<\/li>\n\n\n\n<li>\u265f\ufe0f<strong>Jeux de Soci\u00e9t\u00e9.<\/strong> Une selection de 5 jeux de soci\u00e9t\u00e9 vous attend dans le Salon. <\/li>\n\n\n\n<li>\ud83e\udd50 <strong>Petit-d\u00e9jeuner.<\/strong> Servi de 8h \u00e0 11h au Salon, port\u00e9 \u00e0 la la chambre ou pour emporter.<\/li>\n\n\n\n<li>\ud83d\udec5 <strong>Baggages.<\/strong> Nous pouvons garder vos bagages pendant quelques heures apr\u00e8s votre d\u00e9part.&nbsp;<\/li>\n\n\n\n<li>\ud83c\udf9f\ufe0f <strong>Offre touristique.<\/strong> Infos et des d\u00e9pliants sont disponibles \u00e0 la r\u00e9ception <a rel=\"noreferrer noopener\" href=\"https:\/\/www.cannes-france.com\" target=\"_blank\">et sur ce site<\/a>. <\/li>\n\n\n\n<li>\ud83d\udd0c <strong>Adaptateurs \u00e9lectriques. <\/strong>Un nombre limit\u00e9 est disponible \u00e0 la r\u00e9ception.<\/li>\n\n\n\n<li>\ud83c\udf31 <strong>Environnement. <\/strong>R\u00e9utiliser SVP les serviettes, les draps et les taies d&rsquo;oreiller.<\/li>\n\n\n\n<li>\ud83d\udca1 <strong>Lumi\u00e8res. <\/strong>SVP, \u00e9teignez vos lumi\u00e8res, clim et t\u00e9l\u00e9 quand vous sortez. <\/li>\n\n\n\n<li>\u267b\ufe0f <strong>Tri des d\u00e9chets. <\/strong>Des conteneurs disponibles dans la Terrace. <\/li>\n\n\n\n<li>\u2623\ufe0f <strong>D\u00e9chets dangereux.<\/strong> Piles, produits pharmaceutiques, etc., bac dispo. \u00e0 la r\u00e9ception.<\/li>\n\n\n\n<li>\ud83d\ude99 <strong>Reduction CO2.<\/strong> T\u00e9l\u00e9chargez notre <a rel=\"noreferrer noopener\" href=\"https:\/\/hotel-alexandre3.com\/wp-content\/uploads\/2025\/04\/Guide-des-Transports-Eco-3.pdf\" target=\"_blank\">guide de transports \u00e9co-responsables<\/a> \u00e0 Cannes.<\/li>\n\n\n\n<li>\ud83d\udcc8 <strong>Enqu\u00eate de satisfaction. <\/strong><a rel=\"noreferrer noopener\" href=\"https:\/\/hotel-alexandre3.com\/wp-content\/uploads\/2025\/04\/Enquete-Satisfaction.pdf\" target=\"_blank\">A t\u00e9l\u00e9charger<\/a> et envoyer par mail. Copies papier disponibles.<\/li>\n<\/ul>\n\n\n\n<hr class=\"wp-block-separator has-alpha-channel-opacity\"\/>\n\n\n\n<div class=\"wp-block-file\"><a id=\"wp-block-file--media-e0cdcd7e-9894-41c4-afce-214b4d0f8551\" href=\"https:\/\/hotel-alexandre3.com\/wp-content\/uploads\/2025\/04\/Informations-de-A-a-Z-FR.pdf\" target=\"_blank\" rel=\"noreferrer noopener\"><strong>Informations de A a Z<\/strong><\/a><a href=\"https:\/\/hotel-alexandre3.com\/wp-content\/uploads\/2025\/04\/Informations-de-A-a-Z-FR.pdf\" class=\"wp-block-file__button wp-element-button\" download aria-describedby=\"wp-block-file--media-e0cdcd7e-9894-41c4-afce-214b4d0f8551\">Download<\/a><\/div>\n\n\n\n<div class=\"wp-block-file\"><a id=\"wp-block-file--media-0e6b614f-1cb1-4739-8c64-d1d6a63d399e\" href=\"https:\/\/hotel-alexandre3.com\/wp-content\/uploads\/2020\/06\/Health-Protocol-1.pdf\" target=\"_blank\" rel=\"noreferrer noopener\"><strong>Responsables ensemble<\/strong><\/a><a href=\"https:\/\/hotel-alexandre3.com\/wp-content\/uploads\/2020\/06\/Health-Protocol-1.pdf\" class=\"wp-block-file__button wp-element-button\" download aria-describedby=\"wp-block-file--media-0e6b614f-1cb1-4739-8c64-d1d6a63d399e\">Download<\/a><\/div>\n\n\n\n<div class=\"wp-block-file\"><a id=\"wp-block-file--media-7183e756-2fb4-437a-a5d2-36476ae570f8\" href=\"https:\/\/hotel-alexandre3.com\/wp-content\/uploads\/2020\/06\/Handicap-condition-1.pdf\" target=\"_blank\" rel=\"noreferrer noopener\"><strong>Situation de handicap<\/strong><\/a><a href=\"https:\/\/hotel-alexandre3.com\/wp-content\/uploads\/2020\/06\/Handicap-condition-1.pdf\" class=\"wp-block-file__button wp-element-button\" download aria-describedby=\"wp-block-file--media-7183e756-2fb4-437a-a5d2-36476ae570f8\">Download<\/a><\/div>\n\n\n\n<div class=\"wp-block-file\"><a id=\"wp-block-file--media-24ef8256-1bcc-4028-bd51-be71f1368413\" href=\"https:\/\/hotel-alexandre3.com\/wp-content\/uploads\/2025\/04\/Enquete-Satisfaction.pdf\" target=\"_blank\" rel=\"noreferrer noopener\"><strong>Enquete-Satisfaction<\/strong><\/a><a href=\"https:\/\/hotel-alexandre3.com\/wp-content\/uploads\/2025\/04\/Enquete-Satisfaction.pdf\" class=\"wp-block-file__button wp-element-button\" download aria-describedby=\"wp-block-file--media-24ef8256-1bcc-4028-bd51-be71f1368413\">Download<\/a><\/div>\n\n\n\n<div class=\"wp-block-file\"><a id=\"wp-block-file--media-a589b25b-1eaa-4f24-89fd-7ef2df88146c\" href=\"https:\/\/hotel-alexandre3.com\/wp-content\/uploads\/2025\/04\/Guide-des-Transports-Eco-3.pdf\" target=\"_blank\" rel=\"noreferrer noopener\"><strong>Guide des Transports \u00c9co<\/strong><\/a><a href=\"https:\/\/hotel-alexandre3.com\/wp-content\/uploads\/2025\/04\/Guide-des-Transports-Eco-3.pdf\" class=\"wp-block-file__button wp-element-button\" download aria-describedby=\"wp-block-file--media-a589b25b-1eaa-4f24-89fd-7ef2df88146c\">Download<\/a><\/div>\n\n\n\n<hr class=\"wp-block-separator has-css-opacity\"\/>\n\n\n\n<p>Contactez nous si vous avez besoin de quelque chose pendant les horaires de la r\u00e9ception, et nous ferons de notre mieux pour vous plaire. Composez 30 depuis votre chambre ou envoyez nous un <a href=\"http:\/\/telegram.me\/hotelalexandre3\" target=\"_blank\" rel=\"noreferrer noopener\">message via Telegram<\/a>.  <\/p>\n\n\n\n<hr class=\"wp-block-separator has-css-opacity\"\/>\n\n\n<div class=\"wp-block-image\">\n<figure class=\"aligncenter size-large\"><img loading=\"lazy\" decoding=\"async\" width=\"1080\" height=\"1080\" src=\"https:\/\/i0.wp.com\/hotel-alexandre3.com\/wp-content\/uploads\/2020\/06\/IMG_9816.png?fit=750%2C750&amp;ssl=1\" alt=\"\" class=\"wp-image-2090\" srcset=\"https:\/\/i0.wp.com\/hotel-alexandre3.com\/wp-content\/uploads\/2020\/06\/IMG_9816.png?w=1080&amp;ssl=1 1080w, https:\/\/i0.wp.com\/hotel-alexandre3.com\/wp-content\/uploads\/2020\/06\/IMG_9816.png?resize=300%2C300&amp;ssl=1 300w, https:\/\/i0.wp.com\/hotel-alexandre3.com\/wp-content\/uploads\/2020\/06\/IMG_9816.png?resize=1024%2C1024&amp;ssl=1 1024w, https:\/\/i0.wp.com\/hotel-alexandre3.com\/wp-content\/uploads\/2020\/06\/IMG_9816.png?resize=150%2C150&amp;ssl=1 150w, https:\/\/i0.wp.com\/hotel-alexandre3.com\/wp-content\/uploads\/2020\/06\/IMG_9816.png?resize=768%2C768&amp;ssl=1 768w, https:\/\/i0.wp.com\/hotel-alexandre3.com\/wp-content\/uploads\/2020\/06\/IMG_9816.png?resize=100%2C100&amp;ssl=1 100w\" sizes=\"auto, (max-width: 750px) 100vw, 750px\" \/><\/figure>\n<\/div>\n\n\n<hr class=\"wp-block-separator has-alpha-channel-opacity\"\/>\n\n\n\n<blockquote class=\"wp-block-quote is-layout-flow wp-block-quote-is-layout-flow\">\n<p><em>La M\u00e9diation Tourisme et Voyage: Apr\u00e8s avoir saisi le service du <a rel=\"noreferrer noopener\" href=\"https:\/\/hotel-alexandre3.com\/fr\/contactez-nous\/\" target=\"_blank\">G\u00e9rante<\/a> de l&rsquo;hotel et \u00e0 d\u00e9faut de r\u00e9ponse satisfaisante dans un d\u00e9lai de 1 mois, le client peut saisir le m\u00e9diateur du tourisme et du voyage, dont les coordone\u00e9s et modalit\u00e9s de saisine sont disponibles sur son site: <a href=\"http:\/\/www.mtv.travel\">www.mtv.travel<\/a>.&nbsp;<\/em><\/p>\n<\/blockquote>\n\n\n\n<hr class=\"wp-block-separator has-alpha-channel-opacity\"\/>\n","protected":false},"excerpt":{"rendered":"<p class=\"excerpt\">Chers clients, On esp\u00e8re que vous vous sentez d\u00e9j\u00e0 comfortable dans votre chambre. Voici quelques informations et liens utiles pour rendre votre s\u00e9jour \u00e0 Cannes plus agr\u00e9able. SERVICES GRATUITES SUR DEMANDE Contactez nous si vous avez besoin de quelque chose pendant les horaires de la r\u00e9ception, et nous ferons de notre mieux pour vous plaire. Composez 30 depuis votre chambre&hellip; <a href=\"https:\/\/hotel-alexandre3.com\/fr\/profitez\/\">Read more &rarr;<\/a><\/p>\n","protected":false},"author":1,"featured_media":2058,"parent":0,"menu_order":0,"comment_status":"closed","ping_status":"closed","template":"","meta":{"jetpack_post_was_ever_published":false,"footnotes":""},"class_list":["post-2064","page","type-page","status-publish","has-post-thumbnail","hentry","xfolkentry"],"jetpack_sharing_enabled":true,"jetpack_shortlink":"https:\/\/wp.me\/P5rA3g-xi","_links":{"self":[{"href":"https:\/\/hotel-alexandre3.com\/fr\/wp-json\/wp\/v2\/pages\/2064","targetHints":{"allow":["GET"]}}],"collection":[{"href":"https:\/\/hotel-alexandre3.com\/fr\/wp-json\/wp\/v2\/pages"}],"about":[{"href":"https:\/\/hotel-alexandre3.com\/fr\/wp-json\/wp\/v2\/types\/page"}],"author":[{"embeddable":true,"href":"https:\/\/hotel-alexandre3.com\/fr\/wp-json\/wp\/v2\/users\/1"}],"replies":[{"embeddable":true,"href":"https:\/\/hotel-alexandre3.com\/fr\/wp-json\/wp\/v2\/comments?post=2064"}],"version-history":[{"count":32,"href":"https:\/\/hotel-alexandre3.com\/fr\/wp-json\/wp\/v2\/pages\/2064\/revisions"}],"predecessor-version":[{"id":2440,"href":"https:\/\/hotel-alexandre3.com\/fr\/wp-json\/wp\/v2\/pages\/2064\/revisions\/2440"}],"wp:featuredmedia":[{"embeddable":true,"href":"https:\/\/hotel-alexandre3.com\/fr\/wp-json\/wp\/v2\/media\/2058"}],"wp:attachment":[{"href":"https:\/\/hotel-alexandre3.com\/fr\/wp-json\/wp\/v2\/media?parent=2064"}],"curies":[{"name":"wp","href":"https:\/\/api.w.org\/{rel}","templated":true}]}}