{"id":2142,"date":"2021-06-25T08:01:00","date_gmt":"2021-06-25T07:01:00","guid":{"rendered":"https:\/\/hotel-alexandre3.com\/?page_id=2142"},"modified":"2025-04-09T11:31:11","modified_gmt":"2025-04-09T10:31:11","slug":"reserver","status":"publish","type":"page","link":"https:\/\/hotel-alexandre3.com\/fr\/reserver\/","title":{"rendered":"R\u00e9servez Maintenant"},"content":{"rendered":"\n<p class=\"has-medium-font-size\">Allez <strong>>> <a rel=\"noreferrer noopener\" href=\"http:\/\/www.secure-hotel-booking.com\/Alexandre-III\/21CN\/dateselection?language=en\" target=\"_blank\">I C I<\/a> &lt;&lt;<\/strong> pour \u00eatre redirige vers <a rel=\"noreferrer noopener\" href=\"https:\/\/www.secure-hotel-booking.com\/smart\/Alexandre-III\/21CN\/fr\/\" target=\"_blank\">notre syst\u00e8me de reservation en ligne<\/a> o\u00f9 vous trouverez notre disponibilit\u00e9 et nos tarifs en temps r\u00e9el et notre meilleure offre.<\/p>\n\n\n\n<p class=\"has-medium-font-size\">Vous pouvez aussi appuyer sur le bouton orange \u00ab\u00a0Book now.\u00a0\u00bb <\/p>\n\n\n\n<p><\/p>\n","protected":false},"excerpt":{"rendered":"<p class=\"excerpt\">Allez >> I C I &lt;&lt; pour \u00eatre redirige vers notre syst\u00e8me de reservation en ligne o\u00f9 vous trouverez notre disponibilit\u00e9 et nos tarifs en temps r\u00e9el et notre meilleure offre. Vous pouvez aussi appuyer sur le bouton orange \u00ab\u00a0Book now.\u00a0\u00bb <a href=\"https:\/\/hotel-alexandre3.com\/fr\/reserver\/\">Read more &rarr;<\/a><\/p>\n","protected":false},"author":1,"featured_media":0,"parent":0,"menu_order":0,"comment_status":"closed","ping_status":"closed","template":"","meta":{"jetpack_post_was_ever_published":false,"footnotes":""},"class_list":["post-2142","page","type-page","status-publish","hentry","xfolkentry"],"jetpack_sharing_enabled":true,"jetpack_shortlink":"https:\/\/wp.me\/P5rA3g-yy","_links":{"self":[{"href":"https:\/\/hotel-alexandre3.com\/fr\/wp-json\/wp\/v2\/pages\/2142","targetHints":{"allow":["GET"]}}],"collection":[{"href":"https:\/\/hotel-alexandre3.com\/fr\/wp-json\/wp\/v2\/pages"}],"about":[{"href":"https:\/\/hotel-alexandre3.com\/fr\/wp-json\/wp\/v2\/types\/page"}],"author":[{"embeddable":true,"href":"https:\/\/hotel-alexandre3.com\/fr\/wp-json\/wp\/v2\/users\/1"}],"replies":[{"embeddable":true,"href":"https:\/\/hotel-alexandre3.com\/fr\/wp-json\/wp\/v2\/comments?post=2142"}],"version-history":[{"count":4,"href":"https:\/\/hotel-alexandre3.com\/fr\/wp-json\/wp\/v2\/pages\/2142\/revisions"}],"predecessor-version":[{"id":2360,"href":"https:\/\/hotel-alexandre3.com\/fr\/wp-json\/wp\/v2\/pages\/2142\/revisions\/2360"}],"wp:attachment":[{"href":"https:\/\/hotel-alexandre3.com\/fr\/wp-json\/wp\/v2\/media?parent=2142"}],"curies":[{"name":"wp","href":"https:\/\/api.w.org\/{rel}","templated":true}]}}