{"id":409,"date":"2015-01-14T20:47:10","date_gmt":"2015-01-14T19:47:10","guid":{"rendered":"https:\/\/hotel-alexandre3.com\/?page_id=409"},"modified":"2025-04-22T15:18:08","modified_gmt":"2025-04-22T14:18:08","slug":"nous","status":"publish","type":"page","link":"https:\/\/hotel-alexandre3.com\/fr\/nous\/","title":{"rendered":"\u00c0 Propos de Nous"},"content":{"rendered":"<h3>Un peu d&rsquo;Histoire.<\/h3>\n<p>Notre b\u00e2timent fut la villa du Maire\u00a0de Cannes \u00e0\u00a0la fin de 19\u00e8me si\u00e8cle, \u00e0 l&rsquo;architecture \u00a0originale de cette \u00e9poque. Elle fut ensuite transform\u00e9e en hotel qui compte maintenant 11 chambres.<\/p>\n<h3>S&rsquo;il vous plait, asseyez-vous dans notre confortable salon.<\/h3>\n<p>Vous pouvez vous relaxer avec une tasse de caf\u00e9 tout en utilisant notre WiFi Internet gratuit. Nos petits d\u00e9jeuners sont servis de 8 heures \u00e0 11h .. qui veut se r\u00e9veiller t\u00f4t et avoir \u00e0 se d\u00e9p\u00eacher pour prendre le petit-d\u00e9jeuner? Personne. C&rsquo;est pour cela que notre petit-d\u00e9jeuner est servi jusqu&rsquo;\u00e0 11h.<\/p>\n<h3>Un petit-d\u00e9jeuner de plaisir sur la terrasse, dans le jardin.<\/h3>\n<p>Commencez votre journ\u00e9e avec notre petit-d\u00e9jeuner continental: Les viennoiseries et la baguette fraiches du jour de chez le boulanger, trois diff\u00e9rentes c\u00e9r\u00e9ales, yaourts nature ou aux fruits, fromages, compotes, confitures, beurre, jus de fruits et bien s\u00fbr, th\u00e9 et caf\u00e9. Nous n&rsquo;avons pas de restaurant pour le d\u00e9jeuner ou le d\u00eener.<\/p>\n<h3>Offrez-vous un parking sans frais suppl\u00e9mentaires?<\/h3>\n<p>Et oui! Dans une ville anim\u00e9e comme Cannes, avoir une place de parking a plus de valeur qu&rsquo;avoir une piscine. Notre parking priv\u00e9 se situe dans l&rsquo;enceinte de notre propri\u00e9t\u00e9 (places offertes aux clients par ordre d&rsquo;arriv\u00e9e) et c&rsquo;est <i>gratuit<\/i>!<\/p>\n","protected":false},"excerpt":{"rendered":"<p class=\"excerpt\">Un peu d&rsquo;Histoire. Notre b\u00e2timent fut la villa du Maire\u00a0de Cannes \u00e0\u00a0la fin de 19\u00e8me si\u00e8cle, \u00e0 l&rsquo;architecture \u00a0originale de cette \u00e9poque. Elle fut ensuite transform\u00e9e en hotel qui compte maintenant 11 chambres. S&rsquo;il vous plait, asseyez-vous dans notre confortable salon. Vous pouvez vous relaxer avec une tasse de caf\u00e9 tout en utilisant notre WiFi Internet gratuit. Nos petits d\u00e9jeuners&hellip; <a href=\"https:\/\/hotel-alexandre3.com\/fr\/nous\/\">Read more &rarr;<\/a><\/p>\n","protected":false},"author":1,"featured_media":0,"parent":0,"menu_order":0,"comment_status":"closed","ping_status":"closed","template":"","meta":{"jetpack_post_was_ever_published":false,"footnotes":""},"class_list":["post-409","page","type-page","status-publish","hentry","xfolkentry"],"jetpack_sharing_enabled":true,"jetpack_shortlink":"https:\/\/wp.me\/P5rA3g-6B","_links":{"self":[{"href":"https:\/\/hotel-alexandre3.com\/fr\/wp-json\/wp\/v2\/pages\/409","targetHints":{"allow":["GET"]}}],"collection":[{"href":"https:\/\/hotel-alexandre3.com\/fr\/wp-json\/wp\/v2\/pages"}],"about":[{"href":"https:\/\/hotel-alexandre3.com\/fr\/wp-json\/wp\/v2\/types\/page"}],"author":[{"embeddable":true,"href":"https:\/\/hotel-alexandre3.com\/fr\/wp-json\/wp\/v2\/users\/1"}],"replies":[{"embeddable":true,"href":"https:\/\/hotel-alexandre3.com\/fr\/wp-json\/wp\/v2\/comments?post=409"}],"version-history":[{"count":5,"href":"https:\/\/hotel-alexandre3.com\/fr\/wp-json\/wp\/v2\/pages\/409\/revisions"}],"predecessor-version":[{"id":2411,"href":"https:\/\/hotel-alexandre3.com\/fr\/wp-json\/wp\/v2\/pages\/409\/revisions\/2411"}],"wp:attachment":[{"href":"https:\/\/hotel-alexandre3.com\/fr\/wp-json\/wp\/v2\/media?parent=409"}],"curies":[{"name":"wp","href":"https:\/\/api.w.org\/{rel}","templated":true}]}}