{"id":415,"date":"2015-01-14T20:54:56","date_gmt":"2015-01-14T19:54:56","guid":{"rendered":"https:\/\/hotel-alexandre3.com\/?page_id=415"},"modified":"2015-01-14T20:54:56","modified_gmt":"2015-01-14T19:54:56","slug":"lemplacement","status":"publish","type":"page","link":"https:\/\/hotel-alexandre3.com\/fr\/lemplacement\/","title":{"rendered":"L&rsquo;Emplacement"},"content":{"rendered":"<h3>Juste \u00e0 200 m\u00e8tres de la Croisette et \u00e0 20 minutes \u00e0 pied du Palais des Festivals.<\/h3>\n<p>L&rsquo;Hotel Alexandre III est situ\u00e9 dans un quartier prestigieux et calme de Cannes. A quelques minutes seulement du Port Canto, du Stade des Hesp\u00e9rides et du Casino Palm Beach.<\/p>\n<h3>Vous avez une voiture? Nous avons un parking &#8230; gratuit!<\/h3>\n\n<div class=\"google-maps-builder-wrap\">\n\n\t<div id=\"google-maps-builder-210\" class=\"google-maps-builder\"  data-map-id=\"210\" style=\"width:100%; height:600px\"><\/div>\n\n\t\n<\/div>\n\n","protected":false},"excerpt":{"rendered":"<p class=\"excerpt\">Juste \u00e0 200 m\u00e8tres de la Croisette et \u00e0 20 minutes \u00e0 pied du Palais des Festivals. L&rsquo;Hotel Alexandre III est situ\u00e9 dans un quartier prestigieux et calme de Cannes. A quelques minutes seulement du Port Canto, du Stade des Hesp\u00e9rides et du Casino Palm Beach. Vous avez une voiture? Nous avons un parking &#8230; gratuit! <a href=\"https:\/\/hotel-alexandre3.com\/fr\/lemplacement\/\">Read more &rarr;<\/a><\/p>\n","protected":false},"author":1,"featured_media":0,"parent":0,"menu_order":0,"comment_status":"closed","ping_status":"closed","template":"","meta":{"jetpack_post_was_ever_published":false,"footnotes":""},"class_list":["post-415","page","type-page","status-publish","hentry","xfolkentry"],"jetpack_sharing_enabled":true,"jetpack_shortlink":"https:\/\/wp.me\/P5rA3g-6H","_links":{"self":[{"href":"https:\/\/hotel-alexandre3.com\/fr\/wp-json\/wp\/v2\/pages\/415","targetHints":{"allow":["GET"]}}],"collection":[{"href":"https:\/\/hotel-alexandre3.com\/fr\/wp-json\/wp\/v2\/pages"}],"about":[{"href":"https:\/\/hotel-alexandre3.com\/fr\/wp-json\/wp\/v2\/types\/page"}],"author":[{"embeddable":true,"href":"https:\/\/hotel-alexandre3.com\/fr\/wp-json\/wp\/v2\/users\/1"}],"replies":[{"embeddable":true,"href":"https:\/\/hotel-alexandre3.com\/fr\/wp-json\/wp\/v2\/comments?post=415"}],"version-history":[{"count":1,"href":"https:\/\/hotel-alexandre3.com\/fr\/wp-json\/wp\/v2\/pages\/415\/revisions"}],"predecessor-version":[{"id":416,"href":"https:\/\/hotel-alexandre3.com\/fr\/wp-json\/wp\/v2\/pages\/415\/revisions\/416"}],"wp:attachment":[{"href":"https:\/\/hotel-alexandre3.com\/fr\/wp-json\/wp\/v2\/media?parent=415"}],"curies":[{"name":"wp","href":"https:\/\/api.w.org\/{rel}","templated":true}]}}