{"id":419,"date":"2015-01-14T20:58:28","date_gmt":"2015-01-14T19:58:28","guid":{"rendered":"https:\/\/hotel-alexandre3.com\/?page_id=419"},"modified":"2015-01-26T19:22:37","modified_gmt":"2015-01-26T18:22:37","slug":"bienvenue","status":"publish","type":"page","link":"https:\/\/hotel-alexandre3.com\/fr\/bienvenue\/","title":{"rendered":"Bienvenue"},"content":{"rendered":"<h3>L&rsquo;Hotel Alexandre III, un Hotel unique en son genre!<\/h3>\n<p>Un petit Hotel au charme remarquable. Nous pla\u00e7ons la plus haute\u00a0 importance sur le confort de notre client\u00e8le, un service personnalis\u00e9 et la propret\u00e9, une priorit\u00e9 dans notre \u00e9tablissement.<\/p>\n<p>Vous pourrez vous reposer dans une des 11 belles chambres, toutes diff\u00e9rentes les unes des autres:<\/p>\n<blockquote><p>H\u00f4tel au\u00a0style fran\u00e7ais classique alliant modernit\u00e9\u00a0et confort.<\/p>\n<p>O\u00f9 vous y trouverez un havre\u00a0de paix, au coeur de\u00a0la vie anim\u00e9e de Cannes.<\/p>\n<p>O\u00f9 vous vous sentirez comme chez vous.<\/p>\n<p>O\u00f9 la propret\u00e9 et le service au client passent avant tout.<\/p>\n<p>O\u00f9 les moindres d\u00e9tails font toute la diff\u00e9rence.<\/p><\/blockquote>\n<h3>Bienvenue \u00e0 l&rsquo;Hotel Alexandre III !<\/h3>\n<p>&nbsp;<\/p>\n<p><iframe loading=\"lazy\" src=\"\/\/www.youtube.com\/embed\/IjQkl4Om8q0?rel=0&amp;showinfo=0\" width=\"640\" height=\"360\" frameborder=\"0\" allowfullscreen=\"allowfullscreen\"><\/iframe><\/p>\n","protected":false},"excerpt":{"rendered":"<p class=\"excerpt\">L&rsquo;Hotel Alexandre III, un Hotel unique en son genre! Un petit Hotel au charme remarquable. Nous pla\u00e7ons la plus haute\u00a0 importance sur le confort de notre client\u00e8le, un service personnalis\u00e9 et la propret\u00e9, une priorit\u00e9 dans notre \u00e9tablissement. Vous pourrez vous reposer dans une des 11 belles chambres, toutes diff\u00e9rentes les unes des autres: H\u00f4tel au\u00a0style fran\u00e7ais classique alliant modernit\u00e9\u00a0et&hellip; <a href=\"https:\/\/hotel-alexandre3.com\/fr\/bienvenue\/\">Read more &rarr;<\/a><\/p>\n","protected":false},"author":1,"featured_media":0,"parent":0,"menu_order":0,"comment_status":"closed","ping_status":"closed","template":"","meta":{"jetpack_post_was_ever_published":false,"footnotes":""},"class_list":["post-419","page","type-page","status-publish","hentry","xfolkentry"],"jetpack_sharing_enabled":true,"jetpack_shortlink":"https:\/\/wp.me\/P5rA3g-6L","_links":{"self":[{"href":"https:\/\/hotel-alexandre3.com\/fr\/wp-json\/wp\/v2\/pages\/419","targetHints":{"allow":["GET"]}}],"collection":[{"href":"https:\/\/hotel-alexandre3.com\/fr\/wp-json\/wp\/v2\/pages"}],"about":[{"href":"https:\/\/hotel-alexandre3.com\/fr\/wp-json\/wp\/v2\/types\/page"}],"author":[{"embeddable":true,"href":"https:\/\/hotel-alexandre3.com\/fr\/wp-json\/wp\/v2\/users\/1"}],"replies":[{"embeddable":true,"href":"https:\/\/hotel-alexandre3.com\/fr\/wp-json\/wp\/v2\/comments?post=419"}],"version-history":[{"count":6,"href":"https:\/\/hotel-alexandre3.com\/fr\/wp-json\/wp\/v2\/pages\/419\/revisions"}],"predecessor-version":[{"id":480,"href":"https:\/\/hotel-alexandre3.com\/fr\/wp-json\/wp\/v2\/pages\/419\/revisions\/480"}],"wp:attachment":[{"href":"https:\/\/hotel-alexandre3.com\/fr\/wp-json\/wp\/v2\/media?parent=419"}],"curies":[{"name":"wp","href":"https:\/\/api.w.org\/{rel}","templated":true}]}}