{"id":513,"date":"2015-03-27T22:00:41","date_gmt":"2015-03-27T21:00:41","guid":{"rendered":"https:\/\/hotel-alexandre3.com\/?page_id=513"},"modified":"2025-04-30T07:44:11","modified_gmt":"2025-04-30T06:44:11","slug":"about-us","status":"publish","type":"page","link":"https:\/\/hotel-alexandre3.com\/it\/about-us\/","title":{"rendered":"Chi Siamo"},"content":{"rendered":"<h3>Un po di Storia.<\/h3>\n<p>Il nostro albergo era la villa di un Comandante di Cannes all&#8217;inizio del 20 \u00b0 secolo. Poi \u00e8 stato convertito in un hotel che ora ha 11 camere.<\/p>\n<h3>Per favore, sedetevi nel nostro confortevole salotto.<\/h3>\n<p>Potete rilassarvi con una tazza di caff\u00e8 mentre utilizzate la nostra connessione internet Wi-fi gratuito. La colazione \u00e8 servita dalle 8 del mattino fino a 11am .. chi vuole svegliarsi presto e fare in fretta per mangiare la prima colazione? Nessuno.<\/p>\n<h3>Una colazione a base di divertimento sulla terrazza, in giardino.<\/h3>\n<p>Iniziate la vostra giornata con la nostra colazione continentale: pasticceria\u00a0e baguette fresco del giorno , tre diversi tipi di cereali, yogurt bianco o alla frutta, formaggi, composte, marmellate, burro, succhi di frutta, e naturalmente, il t\u00e8 e il caff\u00e8.<\/p>\n<h3>Concedetevi un parcheggio senza costi aggiuntivi.<\/h3>\n<p>E s\u00ec! In una citt\u00e0 come Cannes, uno spazio di parcheggio \u00e8 pi\u00f9 prezioso che avere una piscina. Il nostro parcheggio privato \u00e8 situato all&#8217;interno delle mura di nostra propriet\u00e0 (posti offerti ai clienti nel ordine di arrivo) ed \u00e8 gratis!<\/p>\n","protected":false},"excerpt":{"rendered":"<p class=\"excerpt\">Un po di Storia. Il nostro albergo era la villa di un Comandante di Cannes all&#8217;inizio del 20 \u00b0 secolo. Poi \u00e8 stato convertito in un hotel che ora ha 11 camere. Per favore, sedetevi nel nostro confortevole salotto. Potete rilassarvi con una tazza di caff\u00e8 mentre utilizzate la nostra connessione internet Wi-fi gratuito. La colazione \u00e8 servita dalle 8&hellip; <a href=\"https:\/\/hotel-alexandre3.com\/it\/about-us\/\">Read more &rarr;<\/a><\/p>\n","protected":false},"author":1,"featured_media":0,"parent":0,"menu_order":0,"comment_status":"closed","ping_status":"closed","template":"","meta":{"jetpack_post_was_ever_published":false,"footnotes":""},"class_list":["post-513","page","type-page","status-publish","hentry","xfolkentry"],"jetpack_sharing_enabled":true,"jetpack_shortlink":"https:\/\/wp.me\/P5rA3g-8h","_links":{"self":[{"href":"https:\/\/hotel-alexandre3.com\/it\/wp-json\/wp\/v2\/pages\/513","targetHints":{"allow":["GET"]}}],"collection":[{"href":"https:\/\/hotel-alexandre3.com\/it\/wp-json\/wp\/v2\/pages"}],"about":[{"href":"https:\/\/hotel-alexandre3.com\/it\/wp-json\/wp\/v2\/types\/page"}],"author":[{"embeddable":true,"href":"https:\/\/hotel-alexandre3.com\/it\/wp-json\/wp\/v2\/users\/1"}],"replies":[{"embeddable":true,"href":"https:\/\/hotel-alexandre3.com\/it\/wp-json\/wp\/v2\/comments?post=513"}],"version-history":[{"count":3,"href":"https:\/\/hotel-alexandre3.com\/it\/wp-json\/wp\/v2\/pages\/513\/revisions"}],"predecessor-version":[{"id":2443,"href":"https:\/\/hotel-alexandre3.com\/it\/wp-json\/wp\/v2\/pages\/513\/revisions\/2443"}],"wp:attachment":[{"href":"https:\/\/hotel-alexandre3.com\/it\/wp-json\/wp\/v2\/media?parent=513"}],"curies":[{"name":"wp","href":"https:\/\/api.w.org\/{rel}","templated":true}]}}